{"id":525,"date":"2025-11-27T17:02:20","date_gmt":"2025-11-27T17:02:20","guid":{"rendered":"https:\/\/www.elicerautos.com\/?page_id=525"},"modified":"2025-11-27T17:21:58","modified_gmt":"2025-11-27T17:21:58","slug":"politica-de-privacidad","status":"publish","type":"page","link":"https:\/\/www.elicerautos.com\/en\/politica-de-privacidad\/","title":{"rendered":"Privacy Policy"},"content":{"rendered":"\t\t<div data-elementor-type=\"wp-page\" data-elementor-id=\"525\" class=\"elementor elementor-525 elementor-3\">\n\t\t\t\t\t\t<section class=\"elementor-section elementor-top-section elementor-element elementor-element-42f7198c elementor-section-boxed elementor-section-height-default elementor-section-height-default\" data-id=\"42f7198c\" data-element_type=\"section\" data-settings=\"{&quot;jet_parallax_layout_list&quot;:[]}\">\n\t\t\t\t\t\t<div class=\"elementor-container elementor-column-gap-default\">\n\t\t\t\t\t<div class=\"elementor-column elementor-col-100 elementor-top-column elementor-element elementor-element-51fc9ea8\" data-id=\"51fc9ea8\" data-element_type=\"column\">\n\t\t\t<div class=\"elementor-widget-wrap elementor-element-populated\">\n\t\t\t\t\t\t<div class=\"elementor-element elementor-element-3dd2ab83 elementor-widget elementor-widget-text-editor\" data-id=\"3dd2ab83\" data-element_type=\"widget\" data-widget_type=\"text-editor.default\">\n\t\t\t\t<div class=\"elementor-widget-container\">\n\t\t\t\t\t\t\t\t\t<h2 data-start=\"178\" data-end=\"216\"><em><strong data-start=\"180\" data-end=\"216\">PRIVACY POLICY\u00a0<\/strong><\/em><\/h2><p data-start=\"218\" data-end=\"478\"><em>In compliance with the General Data Protection Regulation (EU) 2016\/679 of the European Parliament and of the Council of 27 April 2016, and Organic Law 3\/2018 of 5 December on the Protection of Personal Data and Guarantee of Digital Rights, we inform you that:<\/em><\/p><p data-start=\"480\" data-end=\"902\"><em>The owner of this website and the data controller for any processing carried out through it, as well as for those processing activities arising from their professional activity, is <strong data-start=\"661\" data-end=\"693\">Carmen Jes\u00fas P\u00e9rez Hern\u00e1ndez<\/strong> (hereinafter, the <strong data-start=\"712\" data-end=\"726\">CONTROLLER<\/strong>), with registered address at <strong data-start=\"756\" data-end=\"824\">Av. Gran Canaria, 30, local 166, 35100, Maspalomas, Gran Canaria<\/strong>, N.I.F.: <strong data-start=\"834\" data-end=\"848\">45535633-A<\/strong>, and data protection email: <strong data-start=\"877\" data-end=\"901\"><a class=\"decorated-link cursor-pointer\" rel=\"noopener\" data-start=\"879\" data-end=\"899\">info@elicerautos.com<\/a><\/strong>.<\/em><\/p><p data-start=\"904\" data-end=\"1234\"><em>Any personal data that may be collected through this website or through any other means by the CONTROLLER will be processed securely and confidentially, applying the necessary technical and organisational measures to protect such data against unauthorised or unlawful processing and against accidental loss, destruction or damage.<\/em><\/p><p data-start=\"1236\" data-end=\"1861\"><em>Such processed data will be incorporated into the relevant processing activities owned by the CONTROLLER, which include the management of personal data obtained through this website and its forms. In these forms, the information marked as mandatory will always be the minimum necessary to fulfil the contractual or legal purpose required. Processing activities may include the management of personal data belonging to clients, workers, or other relevant individuals. The data processed may include identifying information, postal addresses, email addresses, and other commercial information related to the services requested.<\/em><\/p><p data-start=\"1863\" data-end=\"2272\"><em>The purpose of such processing activities will be, as applicable, the management of communications or reservations requested by data subjects, the internal management of the CONTROLLER\u2019s activities to ensure an adequate provision of the professional services offered, the maintenance of relationships with current or potential clients, or compliance with legal obligations applicable to the relevant activity.<\/em><\/p><p data-start=\"2274\" data-end=\"2811\"><em>To this end, personal data will be processed, depending on the specific characteristics of each processing activity, either on the basis of your consent\u2014when required\u2014which will be requested freely, specifically, informed and unequivocally, or on the basis of the performance of a contract to which you are a party or in order to take pre-contractual steps at your request, on the basis of compliance with a legal obligation applicable to the CONTROLLER, or on the basis of a legitimate interest pursued by the CONTROLLER, as applicable.<\/em><\/p><p data-start=\"2813\" data-end=\"3104\"><em>Personal data undergoing processing will be retained for the time strictly necessary to fulfil the purpose for which they were collected and to determine any potential legal liabilities arising from such purpose, unless a specific retention period is expressly established by applicable law.<\/em><\/p><p data-start=\"3106\" data-end=\"3280\"><em>Personal data will not be disclosed to third parties, except under a legal obligation, in which case the data may be communicated, among others, to labour or tax authorities.<\/em><\/p><p data-start=\"3282\" data-end=\"3821\"><em>You have the right to access, rectify, erase, restrict or object to the processing of your personal data, the right to data portability, and\u2014where applicable\u2014the right to withdraw your consent at any time without affecting the lawfulness of the processing carried out prior to such withdrawal. You also have the right to lodge a complaint with a supervisory authority, under the terms set out in the General Data Protection Regulation and Organic Law 3\/2018 of 5 December on the Protection of Personal Data and Guarantee of Digital Rights.<\/em><\/p><p data-start=\"3823\" data-end=\"4035\"><em>You may exercise these rights, insofar as applicable, by writing to the CONTROLLER using any of the contact methods provided, or by submitting a claim before the Spanish Data Protection Agency at <span style=\"color: #000000;\"><strong data-start=\"4019\" data-end=\"4034\"><a class=\"decorated-link\" style=\"color: #000000;\" href=\"http:\/\/www.aepd.es\/\" target=\"_new\" rel=\"noopener\" data-start=\"4021\" data-end=\"4032\">www.aepd.es<\/a><\/strong>.<\/span><\/em><\/p>\t\t\t\t\t\t\t\t<\/div>\n\t\t\t\t<\/div>\n\t\t\t\t\t<\/div>\n\t\t<\/div>\n\t\t\t\t\t<\/div>\n\t\t<\/section>\n\t\t\t\t<\/div>\n\t\t","protected":false},"excerpt":{"rendered":"<p>PRIVACY POLICY\u00a0 In compliance with the General Data Protection Regulation (EU) 2016\/679 of the European Parliament and of the Council of 27 April 2016, and Organic Law 3\/2018 of 5 December on the Protection of Personal Data and Guarantee of Digital Rights, we inform you that: The owner of this website and the data controller [&hellip;]<\/p>\n","protected":false},"author":1,"featured_media":0,"parent":0,"menu_order":0,"comment_status":"closed","ping_status":"open","template":"elementor_header_footer","meta":{"_acf_changed":false,"footnotes":""},"class_list":["post-525","page","type-page","status-publish","hentry"],"acf":[],"yoast_head":"<!-- This site is optimized with the Yoast SEO plugin v24.4 - https:\/\/yoast.com\/wordpress\/plugins\/seo\/ -->\n<title>Privacy Policy | Elicer Autos<\/title>\n<meta name=\"robots\" content=\"index, follow, max-snippet:-1, max-image-preview:large, max-video-preview:-1\" \/>\n<link rel=\"canonical\" href=\"https:\/\/www.elicerautos.com\/en\/politica-de-privacidad\/\" \/>\n<meta property=\"og:locale\" content=\"en_US\" \/>\n<meta property=\"og:type\" content=\"article\" \/>\n<meta property=\"og:title\" content=\"Privacy Policy | Elicer Autos\" \/>\n<meta property=\"og:description\" content=\"PRIVACY POLICY\u00a0 In compliance with the General Data Protection Regulation (EU) 2016\/679 of the European Parliament and of the Council of 27 April 2016, and Organic Law 3\/2018 of 5 December on the Protection of Personal Data and Guarantee of Digital Rights, we inform you that: The owner of this website and the data controller [&hellip;]\" \/>\n<meta property=\"og:url\" content=\"https:\/\/www.elicerautos.com\/en\/politica-de-privacidad\/\" \/>\n<meta property=\"og:site_name\" content=\"Elicer Autos\" \/>\n<meta property=\"article:publisher\" content=\"https:\/\/www.facebook.com\/elicerrentacar\/\" \/>\n<meta property=\"article:modified_time\" content=\"2025-11-27T17:21:58+00:00\" \/>\n<meta name=\"twitter:card\" content=\"summary_large_image\" \/>\n<meta name=\"twitter:label1\" content=\"Est. reading time\" \/>\n\t<meta name=\"twitter:data1\" content=\"3 minutes\" \/>\n<script type=\"application\/ld+json\" class=\"yoast-schema-graph\">{\"@context\":\"https:\/\/schema.org\",\"@graph\":[{\"@type\":\"WebPage\",\"@id\":\"https:\/\/www.elicerautos.com\/en\/politica-de-privacidad\/\",\"url\":\"https:\/\/www.elicerautos.com\/en\/politica-de-privacidad\/\",\"name\":\"Privacy Policy | Elicer Autos\",\"isPartOf\":{\"@id\":\"https:\/\/www.elicerautos.com\/en\/#website\"},\"datePublished\":\"2025-11-27T17:02:20+00:00\",\"dateModified\":\"2025-11-27T17:21:58+00:00\",\"breadcrumb\":{\"@id\":\"https:\/\/www.elicerautos.com\/en\/politica-de-privacidad\/#breadcrumb\"},\"inLanguage\":\"en-US\",\"potentialAction\":[{\"@type\":\"ReadAction\",\"target\":[\"https:\/\/www.elicerautos.com\/en\/politica-de-privacidad\/\"]}]},{\"@type\":\"BreadcrumbList\",\"@id\":\"https:\/\/www.elicerautos.com\/en\/politica-de-privacidad\/#breadcrumb\",\"itemListElement\":[{\"@type\":\"ListItem\",\"position\":1,\"name\":\"Portada\",\"item\":\"https:\/\/www.elicerautos.com\/en\/\"},{\"@type\":\"ListItem\",\"position\":2,\"name\":\"Privacy Policy\"}]},{\"@type\":\"WebSite\",\"@id\":\"https:\/\/www.elicerautos.com\/en\/#website\",\"url\":\"https:\/\/www.elicerautos.com\/en\/\",\"name\":\"Elicer Autos\",\"description\":\"Alquiler de coches en Gran Canaria\",\"publisher\":{\"@id\":\"https:\/\/www.elicerautos.com\/en\/#organization\"},\"potentialAction\":[{\"@type\":\"SearchAction\",\"target\":{\"@type\":\"EntryPoint\",\"urlTemplate\":\"https:\/\/www.elicerautos.com\/en\/?s={search_term_string}\"},\"query-input\":{\"@type\":\"PropertyValueSpecification\",\"valueRequired\":true,\"valueName\":\"search_term_string\"}}],\"inLanguage\":\"en-US\"},{\"@type\":\"Organization\",\"@id\":\"https:\/\/www.elicerautos.com\/en\/#organization\",\"name\":\"Elicer Autos\",\"url\":\"https:\/\/www.elicerautos.com\/en\/\",\"logo\":{\"@type\":\"ImageObject\",\"inLanguage\":\"en-US\",\"@id\":\"https:\/\/www.elicerautos.com\/en\/#\/schema\/logo\/image\/\",\"url\":\"\",\"contentUrl\":\"\",\"caption\":\"Elicer Autos\"},\"image\":{\"@id\":\"https:\/\/www.elicerautos.com\/en\/#\/schema\/logo\/image\/\"},\"sameAs\":[\"https:\/\/www.facebook.com\/elicerrentacar\/\"]}]}<\/script>\n<!-- \/ Yoast SEO plugin. -->","yoast_head_json":{"title":"Privacy Policy | Elicer Autos","robots":{"index":"index","follow":"follow","max-snippet":"max-snippet:-1","max-image-preview":"max-image-preview:large","max-video-preview":"max-video-preview:-1"},"canonical":"https:\/\/www.elicerautos.com\/en\/politica-de-privacidad\/","og_locale":"en_US","og_type":"article","og_title":"Privacy Policy | Elicer Autos","og_description":"PRIVACY POLICY\u00a0 In compliance with the General Data Protection Regulation (EU) 2016\/679 of the European Parliament and of the Council of 27 April 2016, and Organic Law 3\/2018 of 5 December on the Protection of Personal Data and Guarantee of Digital Rights, we inform you that: The owner of this website and the data controller [&hellip;]","og_url":"https:\/\/www.elicerautos.com\/en\/politica-de-privacidad\/","og_site_name":"Elicer Autos","article_publisher":"https:\/\/www.facebook.com\/elicerrentacar\/","article_modified_time":"2025-11-27T17:21:58+00:00","twitter_card":"summary_large_image","twitter_misc":{"Est. reading time":"3 minutes"},"schema":{"@context":"https:\/\/schema.org","@graph":[{"@type":"WebPage","@id":"https:\/\/www.elicerautos.com\/en\/politica-de-privacidad\/","url":"https:\/\/www.elicerautos.com\/en\/politica-de-privacidad\/","name":"Privacy Policy | Elicer Autos","isPartOf":{"@id":"https:\/\/www.elicerautos.com\/en\/#website"},"datePublished":"2025-11-27T17:02:20+00:00","dateModified":"2025-11-27T17:21:58+00:00","breadcrumb":{"@id":"https:\/\/www.elicerautos.com\/en\/politica-de-privacidad\/#breadcrumb"},"inLanguage":"en-US","potentialAction":[{"@type":"ReadAction","target":["https:\/\/www.elicerautos.com\/en\/politica-de-privacidad\/"]}]},{"@type":"BreadcrumbList","@id":"https:\/\/www.elicerautos.com\/en\/politica-de-privacidad\/#breadcrumb","itemListElement":[{"@type":"ListItem","position":1,"name":"Portada","item":"https:\/\/www.elicerautos.com\/en\/"},{"@type":"ListItem","position":2,"name":"Privacy Policy"}]},{"@type":"WebSite","@id":"https:\/\/www.elicerautos.com\/en\/#website","url":"https:\/\/www.elicerautos.com\/en\/","name":"Elicer Autos","description":"Alquiler de coches en Gran Canaria","publisher":{"@id":"https:\/\/www.elicerautos.com\/en\/#organization"},"potentialAction":[{"@type":"SearchAction","target":{"@type":"EntryPoint","urlTemplate":"https:\/\/www.elicerautos.com\/en\/?s={search_term_string}"},"query-input":{"@type":"PropertyValueSpecification","valueRequired":true,"valueName":"search_term_string"}}],"inLanguage":"en-US"},{"@type":"Organization","@id":"https:\/\/www.elicerautos.com\/en\/#organization","name":"Elicer Autos","url":"https:\/\/www.elicerautos.com\/en\/","logo":{"@type":"ImageObject","inLanguage":"en-US","@id":"https:\/\/www.elicerautos.com\/en\/#\/schema\/logo\/image\/","url":"","contentUrl":"","caption":"Elicer Autos"},"image":{"@id":"https:\/\/www.elicerautos.com\/en\/#\/schema\/logo\/image\/"},"sameAs":["https:\/\/www.facebook.com\/elicerrentacar\/"]}]}},"_links":{"self":[{"href":"https:\/\/www.elicerautos.com\/en\/wp-json\/wp\/v2\/pages\/525","targetHints":{"allow":["GET"]}}],"collection":[{"href":"https:\/\/www.elicerautos.com\/en\/wp-json\/wp\/v2\/pages"}],"about":[{"href":"https:\/\/www.elicerautos.com\/en\/wp-json\/wp\/v2\/types\/page"}],"author":[{"embeddable":true,"href":"https:\/\/www.elicerautos.com\/en\/wp-json\/wp\/v2\/users\/1"}],"replies":[{"embeddable":true,"href":"https:\/\/www.elicerautos.com\/en\/wp-json\/wp\/v2\/comments?post=525"}],"version-history":[{"count":5,"href":"https:\/\/www.elicerautos.com\/en\/wp-json\/wp\/v2\/pages\/525\/revisions"}],"predecessor-version":[{"id":539,"href":"https:\/\/www.elicerautos.com\/en\/wp-json\/wp\/v2\/pages\/525\/revisions\/539"}],"wp:attachment":[{"href":"https:\/\/www.elicerautos.com\/en\/wp-json\/wp\/v2\/media?parent=525"}],"curies":[{"name":"wp","href":"https:\/\/api.w.org\/{rel}","templated":true}]}}